{"id":76,"date":"2019-07-25T08:53:58","date_gmt":"2019-07-25T06:53:58","guid":{"rendered":"http:\/\/www.littleharmony.fr\/?page_id=76"},"modified":"2022-02-21T14:46:30","modified_gmt":"2022-02-21T13:46:30","slug":"massage-a-domicile","status":"publish","type":"page","link":"https:\/\/www.littleharmony.fr\/en\/massage-a-domicile\/","title":{"rendered":"Massage at home"},"content":{"rendered":"<div data-elementor-type=\"wp-post\" data-elementor-id=\"76\" class=\"elementor elementor-76\">\n\t\t\t\t\t\t\t\t\t<section class=\"elementor-section elementor-top-section elementor-element elementor-element-1d6e082d elementor-section-stretched elementor-section-boxed elementor-section-height-default elementor-section-height-default\" data-id=\"1d6e082d\" data-element_type=\"section\" data-settings=\"{&quot;stretch_section&quot;:&quot;section-stretched&quot;}\">\n\t\t\t\t\t\t<div class=\"elementor-container elementor-column-gap-default\">\n\t\t\t\t\t<div class=\"elementor-column elementor-col-100 elementor-top-column elementor-element elementor-element-3ae1867a\" data-id=\"3ae1867a\" data-element_type=\"column\">\n\t\t\t<div class=\"elementor-widget-wrap elementor-element-populated\">\n\t\t\t\t\t\t\t\t<div class=\"elementor-element elementor-element-767acc4c elementor-widget elementor-widget-spacer\" data-id=\"767acc4c\" data-element_type=\"widget\" data-widget_type=\"spacer.default\">\n\t\t\t\t<div class=\"elementor-widget-container\">\n\t\t\t\t\t<div class=\"elementor-spacer\">\n\t\t\t<div class=\"elementor-spacer-inner\"><\/div>\n\t\t<\/div>\n\t\t\t\t<\/div>\n\t\t\t\t<\/div>\n\t\t\t\t<div class=\"elementor-element elementor-element-62436cea elementor-widget elementor-widget-heading\" data-id=\"62436cea\" data-element_type=\"widget\" data-widget_type=\"heading.default\">\n\t\t\t\t<div class=\"elementor-widget-container\">\n\t\t\t<h1 class=\"elementor-heading-title elementor-size-default\">Massage at home tailored to your needs<\/h1>\t\t<\/div>\n\t\t\t\t<\/div>\n\t\t\t\t<div class=\"elementor-element elementor-element-4e0dbe07 elementor-widget elementor-widget-heading\" data-id=\"4e0dbe07\" data-element_type=\"widget\" data-widget_type=\"heading.default\">\n\t\t\t\t<div class=\"elementor-widget-container\">\n\t\t\t<h2 class=\"elementor-heading-title elementor-size-default\">Relaxation that goes on and on ... the 5 best tips for enjoying your massage at home.<\/h2>\t\t<\/div>\n\t\t\t\t<\/div>\n\t\t\t\t<div class=\"elementor-element elementor-element-7806cbf8 elementor-widget elementor-widget-spacer\" data-id=\"7806cbf8\" data-element_type=\"widget\" data-widget_type=\"spacer.default\">\n\t\t\t\t<div class=\"elementor-widget-container\">\n\t\t\t\t\t<div class=\"elementor-spacer\">\n\t\t\t<div class=\"elementor-spacer-inner\"><\/div>\n\t\t<\/div>\n\t\t\t\t<\/div>\n\t\t\t\t<\/div>\n\t\t\t\t\t<\/div>\n\t\t<\/div>\n\t\t\t\t\t\t\t<\/div>\n\t\t<\/section>\n\t\t\t\t<section class=\"elementor-section elementor-top-section elementor-element elementor-element-236ec8e elementor-section-stretched elementor-section-full_width elementor-section-height-min-height elementor-section-height-default elementor-section-items-middle\" data-id=\"236ec8e\" data-element_type=\"section\" data-settings=\"{&quot;stretch_section&quot;:&quot;section-stretched&quot;,&quot;background_background&quot;:&quot;classic&quot;}\">\n\t\t\t\t\t\t<div class=\"elementor-container elementor-column-gap-default\">\n\t\t\t\t\t<div class=\"elementor-column elementor-col-100 elementor-top-column elementor-element elementor-element-434d507\" data-id=\"434d507\" data-element_type=\"column\">\n\t\t\t<div class=\"elementor-widget-wrap elementor-element-populated\">\n\t\t\t\t\t\t\t\t<div class=\"elementor-element elementor-element-683096f elementor-align-left elementor-icon-list--layout-traditional elementor-list-item-link-full_width elementor-widget elementor-widget-icon-list\" data-id=\"683096f\" data-element_type=\"widget\" data-widget_type=\"icon-list.default\">\n\t\t\t\t<div class=\"elementor-widget-container\">\n\t\t\t\t\t<ul class=\"elementor-icon-list-items\">\n\t\t\t\t\t\t\t<li class=\"elementor-icon-list-item\">\n\t\t\t\t\t\t\t\t\t\t\t<span class=\"elementor-icon-list-icon\">\n\t\t\t\t\t\t\t<i aria-hidden=\"true\" class=\"fas fa-yin-yang\"><\/i>\t\t\t\t\t\t<\/span>\n\t\t\t\t\t\t\t\t\t\t<span class=\"elementor-icon-list-text\"><b><b>Think to take a shower<\/b><\/b> - once get rid of dead cells <b>your skin<\/b> <b>will be more receptive<\/b><\/span>\n\t\t\t\t\t\t\t\t\t<\/li>\n\t\t\t\t\t\t\t\t<li class=\"elementor-icon-list-item\">\n\t\t\t\t\t\t\t\t\t\t\t<span class=\"elementor-icon-list-icon\">\n\t\t\t\t\t\t\t<i aria-hidden=\"true\" class=\"fas fa-yin-yang\"><\/i>\t\t\t\t\t\t<\/span>\n\t\t\t\t\t\t\t\t\t\t<span class=\"elementor-icon-list-text\">For your comfort<b> warm up your room <\/b>(ideally 23 \u00b0 C) - the temperature of your body will drop while relaxing <\/span>\n\t\t\t\t\t\t\t\t\t<\/li>\n\t\t\t\t\t\t\t\t<li class=\"elementor-icon-list-item\">\n\t\t\t\t\t\t\t\t\t\t\t<span class=\"elementor-icon-list-icon\">\n\t\t\t\t\t\t\t<i aria-hidden=\"true\" class=\"fas fa-yin-yang\"><\/i>\t\t\t\t\t\t<\/span>\n\t\t\t\t\t\t\t\t\t\t<span class=\"elementor-icon-list-text\">Avoid nuisances: <b>make sure to have enough free time,<\/b>turn off the phone<\/span>\n\t\t\t\t\t\t\t\t\t<\/li>\n\t\t\t\t\t\t\t\t<li class=\"elementor-icon-list-item\">\n\t\t\t\t\t\t\t\t\t\t\t<span class=\"elementor-icon-list-icon\">\n\t\t\t\t\t\t\t<i aria-hidden=\"true\" class=\"fas fa-yin-yang\"><\/i>\t\t\t\t\t\t<\/span>\n\t\t\t\t\t\t\t\t\t\t<span class=\"elementor-icon-list-text\"><b>Just let go,<\/b>I take care of everything! <\/span>\n\t\t\t\t\t\t\t\t\t<\/li>\n\t\t\t\t\t\t\t\t<li class=\"elementor-icon-list-item\">\n\t\t\t\t\t\t\t\t\t\t\t<span class=\"elementor-icon-list-icon\">\n\t\t\t\t\t\t\t<i aria-hidden=\"true\" class=\"fas fa-yin-yang\"><\/i>\t\t\t\t\t\t<\/span>\n\t\t\t\t\t\t\t\t\t\t<span class=\"elementor-icon-list-text\">Once the massage is over, take your time before getting up. <b>Continue benefiting from this relaxing moment at your home.<\/b> <\/span>\n\t\t\t\t\t\t\t\t\t<\/li>\n\t\t\t\t\t\t<\/ul>\n\t\t\t\t<\/div>\n\t\t\t\t<\/div>\n\t\t\t\t\t<\/div>\n\t\t<\/div>\n\t\t\t\t\t\t\t<\/div>\n\t\t<\/section>\n\t\t\t\t<section class=\"elementor-section elementor-top-section elementor-element elementor-element-2799b6d elementor-section-boxed elementor-section-height-default elementor-section-height-default\" data-id=\"2799b6d\" data-element_type=\"section\">\n\t\t\t\t\t\t<div class=\"elementor-container elementor-column-gap-default\">\n\t\t\t\t\t<div class=\"elementor-column elementor-col-100 elementor-top-column elementor-element elementor-element-4cfd6c6\" data-id=\"4cfd6c6\" data-element_type=\"column\">\n\t\t\t<div class=\"elementor-widget-wrap elementor-element-populated\">\n\t\t\t\t\t\t\t\t<div class=\"elementor-element elementor-element-580f626 elementor-widget elementor-widget-spacer\" data-id=\"580f626\" data-element_type=\"widget\" data-widget_type=\"spacer.default\">\n\t\t\t\t<div class=\"elementor-widget-container\">\n\t\t\t\t\t<div class=\"elementor-spacer\">\n\t\t\t<div class=\"elementor-spacer-inner\"><\/div>\n\t\t<\/div>\n\t\t\t\t<\/div>\n\t\t\t\t<\/div>\n\t\t\t\t\t<\/div>\n\t\t<\/div>\n\t\t\t\t\t\t\t<\/div>\n\t\t<\/section>\n\t\t\t\t<section class=\"elementor-section elementor-top-section elementor-element elementor-element-774e45f elementor-section-stretched elementor-section-boxed elementor-section-height-default elementor-section-height-default\" data-id=\"774e45f\" data-element_type=\"section\" data-settings=\"{&quot;stretch_section&quot;:&quot;section-stretched&quot;}\">\n\t\t\t\t\t\t<div class=\"elementor-container elementor-column-gap-default\">\n\t\t\t\t\t<div class=\"elementor-column elementor-col-100 elementor-top-column elementor-element elementor-element-7c61627\" data-id=\"7c61627\" data-element_type=\"column\">\n\t\t\t<div class=\"elementor-widget-wrap elementor-element-populated\">\n\t\t\t\t\t\t\t\t<div class=\"elementor-element elementor-element-7cde162 elementor-widget elementor-widget-heading\" data-id=\"7cde162\" data-element_type=\"widget\" data-widget_type=\"heading.default\">\n\t\t\t\t<div class=\"elementor-widget-container\">\n\t\t\t<h2 class=\"elementor-heading-title elementor-size-xl translation-block\">I can advise you on the <b><b>choice of massage<\/b><\/b> that <b>suits your needs.<\/b><\/h2>\t\t<\/div>\n\t\t\t\t<\/div>\n\t\t\t\t\t<\/div>\n\t\t<\/div>\n\t\t\t\t\t\t\t<\/div>\n\t\t<\/section>\n\t\t\t\t<section class=\"elementor-section elementor-top-section elementor-element elementor-element-b16f7ae elementor-section-boxed elementor-section-height-default elementor-section-height-default\" data-id=\"b16f7ae\" data-element_type=\"section\">\n\t\t\t\t\t\t<div class=\"elementor-container elementor-column-gap-default\">\n\t\t\t\t\t<div class=\"elementor-column elementor-col-100 elementor-top-column elementor-element elementor-element-a30f87c\" data-id=\"a30f87c\" data-element_type=\"column\">\n\t\t\t<div class=\"elementor-widget-wrap elementor-element-populated\">\n\t\t\t\t\t\t\t\t<div class=\"elementor-element elementor-element-c2cddba elementor-widget elementor-widget-spacer\" data-id=\"c2cddba\" data-element_type=\"widget\" data-widget_type=\"spacer.default\">\n\t\t\t\t<div class=\"elementor-widget-container\">\n\t\t\t\t\t<div class=\"elementor-spacer\">\n\t\t\t<div class=\"elementor-spacer-inner\"><\/div>\n\t\t<\/div>\n\t\t\t\t<\/div>\n\t\t\t\t<\/div>\n\t\t\t\t\t<\/div>\n\t\t<\/div>\n\t\t\t\t\t\t\t<\/div>\n\t\t<\/section>\n\t\t\t\t<section class=\"elementor-section elementor-top-section elementor-element elementor-element-3bf35b1 elementor-section-boxed elementor-section-height-default elementor-section-height-default\" data-id=\"3bf35b1\" data-element_type=\"section\">\n\t\t\t\t\t\t<div class=\"elementor-container elementor-column-gap-default\">\n\t\t\t\t\t<div class=\"elementor-column elementor-col-100 elementor-top-column elementor-element elementor-element-05f5b71\" data-id=\"05f5b71\" data-element_type=\"column\">\n\t\t\t<div class=\"elementor-widget-wrap elementor-element-populated\">\n\t\t\t\t\t\t\t\t<div class=\"elementor-element elementor-element-e76f91b elementor-align-center elementor-widget elementor-widget-button\" data-id=\"e76f91b\" data-element_type=\"widget\" data-widget_type=\"button.default\">\n\t\t\t\t<div class=\"elementor-widget-container\">\n\t\t\t\t\t<div class=\"elementor-button-wrapper\">\n\t\t\t<a class=\"elementor-button elementor-button-link elementor-size-sm\" href=\"https:\/\/www.littleharmony.fr\/en\/massages-little-harmony\/\">\n\t\t\t\t\t\t<span class=\"elementor-button-content-wrapper\">\n\t\t\t\t\t\t<span class=\"elementor-button-text\">Discover Little Harmony's massages<\/span>\n\t\t<\/span>\n\t\t\t\t\t<\/a>\n\t\t<\/div>\n\t\t\t\t<\/div>\n\t\t\t\t<\/div>\n\t\t\t\t\t<\/div>\n\t\t<\/div>\n\t\t\t\t\t\t\t<\/div>\n\t\t<\/section>\n\t\t\t\t<section class=\"elementor-section elementor-top-section elementor-element elementor-element-66535e55 elementor-section-boxed elementor-section-height-default elementor-section-height-default\" data-id=\"66535e55\" data-element_type=\"section\">\n\t\t\t\t\t\t<div class=\"elementor-container elementor-column-gap-default\">\n\t\t\t\t\t<div class=\"elementor-column elementor-col-100 elementor-top-column elementor-element elementor-element-2de740f8\" data-id=\"2de740f8\" data-element_type=\"column\">\n\t\t\t<div class=\"elementor-widget-wrap elementor-element-populated\">\n\t\t\t\t\t\t\t\t<div class=\"elementor-element elementor-element-6a8f1bff elementor-widget elementor-widget-spacer\" data-id=\"6a8f1bff\" data-element_type=\"widget\" data-widget_type=\"spacer.default\">\n\t\t\t\t<div class=\"elementor-widget-container\">\n\t\t\t\t\t<div class=\"elementor-spacer\">\n\t\t\t<div class=\"elementor-spacer-inner\"><\/div>\n\t\t<\/div>\n\t\t\t\t<\/div>\n\t\t\t\t<\/div>\n\t\t\t\t\t<\/div>\n\t\t<\/div>\n\t\t\t\t\t\t\t<\/div>\n\t\t<\/section>\n\t\t\t\t<section class=\"elementor-section elementor-top-section elementor-element elementor-element-177b9656 elementor-section-stretched elementor-section-boxed elementor-section-height-default elementor-section-height-default\" data-id=\"177b9656\" data-element_type=\"section\" data-settings=\"{&quot;stretch_section&quot;:&quot;section-stretched&quot;,&quot;background_background&quot;:&quot;classic&quot;}\">\n\t\t\t\t\t\t<div class=\"elementor-container elementor-column-gap-default\">\n\t\t\t\t\t<div class=\"elementor-column elementor-col-33 elementor-top-column elementor-element elementor-element-4b83171c\" data-id=\"4b83171c\" data-element_type=\"column\">\n\t\t\t<div class=\"elementor-widget-wrap elementor-element-populated\">\n\t\t\t\t\t\t\t\t<div class=\"elementor-element elementor-element-2881195d elementor-view-default elementor-position-top elementor-mobile-position-top elementor-widget elementor-widget-icon-box\" data-id=\"2881195d\" data-element_type=\"widget\" data-widget_type=\"icon-box.default\">\n\t\t\t\t<div class=\"elementor-widget-container\">\n\t\t\t\t\t<div class=\"elementor-icon-box-wrapper\">\n\t\t\t\t\t\t<div class=\"elementor-icon-box-icon\">\n\t\t\t\t<span  class=\"elementor-icon elementor-animation-\">\n\t\t\t\t<i aria-hidden=\"true\" class=\"fas fa-clock\"><\/i>\t\t\t\t<\/span>\n\t\t\t<\/div>\n\t\t\t\t\t\t<div class=\"elementor-icon-box-content\">\n\t\t\t\t<h3 class=\"elementor-icon-box-title\">\n\t\t\t\t\t<span  >\n\t\t\t\t\t\tOpening time\t\t\t\t\t<\/span>\n\t\t\t\t<\/h3>\n\t\t\t\t\t\t\t\t\t<p class=\"elementor-icon-box-description\">\n\t\t\t\t\t\t<b>Monday<\/b> from 10h till 18h<br>\n<b>Mardi<\/b> from 10h till 18h<br>\n<b>Jeudi<\/b> from 10h till 18h<br>\n<b>Friday <\/b>de 10h \u00e0 20h<br>\n<b>Saturday<\/b> de 10h \u00e0 20h<br>\n\n\t\t\t\t\t<\/p>\n\t\t\t\t\t\t\t<\/div>\n\t\t<\/div>\n\t\t\t\t<\/div>\n\t\t\t\t<\/div>\n\t\t\t\t\t<\/div>\n\t\t<\/div>\n\t\t\t\t<div class=\"elementor-column elementor-col-33 elementor-top-column elementor-element elementor-element-2f5853b3\" data-id=\"2f5853b3\" data-element_type=\"column\">\n\t\t\t<div class=\"elementor-widget-wrap elementor-element-populated\">\n\t\t\t\t\t\t\t\t<div class=\"elementor-element elementor-element-6cbc1761 elementor-view-default elementor-position-top elementor-mobile-position-top elementor-widget elementor-widget-icon-box\" data-id=\"6cbc1761\" data-element_type=\"widget\" data-widget_type=\"icon-box.default\">\n\t\t\t\t<div class=\"elementor-widget-container\">\n\t\t\t\t\t<div class=\"elementor-icon-box-wrapper\">\n\t\t\t\t\t\t<div class=\"elementor-icon-box-icon\">\n\t\t\t\t<span  class=\"elementor-icon elementor-animation-\">\n\t\t\t\t<i aria-hidden=\"true\" class=\"fas fa-spa\"><\/i>\t\t\t\t<\/span>\n\t\t\t<\/div>\n\t\t\t\t\t\t<div class=\"elementor-icon-box-content\">\n\t\t\t\t<h3 class=\"elementor-icon-box-title\">\n\t\t\t\t\t<span  >\n\t\t\t\t\t\tAvailability\t\t\t\t\t<\/span>\n\t\t\t\t<\/h3>\n\t\t\t\t\t\t\t\t\t<p class=\"elementor-icon-box-description translation-block\">You can enjoy a massage in my  <b>Lounge \u00e0 Coquelles. <\/b> If you prefer that, I will be pleased to visit you  <b>in the comfort of you home<\/b> or <b>at your office. <\/b><\/p>\n\t\t\t\t\t\t\t<\/div>\n\t\t<\/div>\n\t\t\t\t<\/div>\n\t\t\t\t<\/div>\n\t\t\t\t\t<\/div>\n\t\t<\/div>\n\t\t\t\t<div class=\"elementor-column elementor-col-33 elementor-top-column elementor-element elementor-element-281b77e3\" data-id=\"281b77e3\" data-element_type=\"column\">\n\t\t\t<div class=\"elementor-widget-wrap elementor-element-populated\">\n\t\t\t\t\t\t\t\t<div class=\"elementor-element elementor-element-671c5c0c elementor-view-default elementor-position-top elementor-mobile-position-top elementor-widget elementor-widget-icon-box\" data-id=\"671c5c0c\" data-element_type=\"widget\" data-widget_type=\"icon-box.default\">\n\t\t\t\t<div class=\"elementor-widget-container\">\n\t\t\t\t\t<div class=\"elementor-icon-box-wrapper\">\n\t\t\t\t\t\t<div class=\"elementor-icon-box-icon\">\n\t\t\t\t<span  class=\"elementor-icon elementor-animation-\">\n\t\t\t\t<i aria-hidden=\"true\" class=\"fas fa-address-card\"><\/i>\t\t\t\t<\/span>\n\t\t\t<\/div>\n\t\t\t\t\t\t<div class=\"elementor-icon-box-content\">\n\t\t\t\t<h3 class=\"elementor-icon-box-title\">\n\t\t\t\t\t<span  >\n\t\t\t\t\t\tContact information\t\t\t\t\t<\/span>\n\t\t\t\t<\/h3>\n\t\t\t\t\t\t\t\t\t<p class=\"elementor-icon-box-description\">\n\t\t\t\t\t\t<b>Adress<\/b> : 30, rue Ch\u00e9riton, 62231 Coquelles<br><b>Phone number <\/b>: 06.74.19.81.78<br><b>Mail<\/b> : littleharmonymassages@gmail.com   \t\t\t\t\t<\/p>\n\t\t\t\t\t\t\t<\/div>\n\t\t<\/div>\n\t\t\t\t<\/div>\n\t\t\t\t<\/div>\n\t\t\t\t\t<\/div>\n\t\t<\/div>\n\t\t\t\t\t\t\t<\/div>\n\t\t<\/section>\n\t\t\t\t\t\t\t<\/div>","protected":false},"excerpt":{"rendered":"<p>Massage \u00e0 domicile sur mesure La d\u00e9tente qui continue encore et encore &#8230; les 5 bons conseils pour bien profiter de votre massage \u00e0 domicile. Prenez une douche &#8211; en la d\u00e9barrassant des cellules mortes, votre peau sera plus r\u00e9ceptive Pour votre confort, chauffez votre pi\u00e8ce (id\u00e9alement 23\u00b0C) : en vous relaxant la temp\u00e9rature de [&hellip;]<\/p>","protected":false},"author":1,"featured_media":0,"parent":0,"menu_order":0,"comment_status":"closed","ping_status":"closed","template":"","meta":{"footnotes":""},"class_list":["post-76","page","type-page","status-publish","hentry"],"yoast_head":"<!-- This site is optimized with the Yoast SEO plugin v24.2 - https:\/\/yoast.com\/wordpress\/plugins\/seo\/ -->\n<title>Massage \u00e0 domicile. D\u00e9couvrez comment bien en profiter ?<\/title>\n<meta name=\"description\" content=\"Massage \u00e0 domicile. Pour qui ? Comment se pr\u00e9parer ? Suivez mes conseils et poursuivez la d\u00e9tente tranquillement chez vous.\" \/>\n<meta name=\"robots\" content=\"index, follow, max-snippet:-1, max-image-preview:large, max-video-preview:-1\" \/>\n<link rel=\"canonical\" href=\"https:\/\/www.littleharmony.fr\/en\/massage-a-domicile\/\" \/>\n<meta property=\"og:locale\" content=\"en_GB\" \/>\n<meta property=\"og:type\" content=\"article\" \/>\n<meta property=\"og:title\" content=\"Massage \u00e0 domicile. D\u00e9couvrez comment bien en profiter ?\" \/>\n<meta property=\"og:description\" content=\"Massage \u00e0 domicile. Pour qui ? Comment se pr\u00e9parer ? Suivez mes conseils et poursuivez la d\u00e9tente tranquillement chez vous.\" \/>\n<meta property=\"og:url\" content=\"https:\/\/www.littleharmony.fr\/en\/massage-a-domicile\/\" \/>\n<meta property=\"og:site_name\" content=\"Massages bien-\u00eatre \u00e0 Coquelles\" \/>\n<meta property=\"article:publisher\" content=\"https:\/\/www.facebook.com\/littleharmonymassages\/\" \/>\n<meta property=\"article:modified_time\" content=\"2022-02-21T13:46:30+00:00\" \/>\n<meta name=\"twitter:card\" content=\"summary_large_image\" \/>\n<meta name=\"twitter:label1\" content=\"Estimated reading time\" \/>\n\t<meta name=\"twitter:data1\" content=\"1 minute\" \/>\n<script type=\"application\/ld+json\" class=\"yoast-schema-graph\">{\"@context\":\"https:\/\/schema.org\",\"@graph\":[{\"@type\":\"WebPage\",\"@id\":\"https:\/\/www.littleharmony.fr\/massage-a-domicile\/\",\"url\":\"https:\/\/www.littleharmony.fr\/massage-a-domicile\/\",\"name\":\"Massage \u00e0 domicile. D\u00e9couvrez comment bien en profiter ?\",\"isPartOf\":{\"@id\":\"https:\/\/www.littleharmony.fr\/#website\"},\"datePublished\":\"2019-07-25T06:53:58+00:00\",\"dateModified\":\"2022-02-21T13:46:30+00:00\",\"description\":\"Massage \u00e0 domicile. Pour qui ? Comment se pr\u00e9parer ? Suivez mes conseils et poursuivez la d\u00e9tente tranquillement chez vous.\",\"breadcrumb\":{\"@id\":\"https:\/\/www.littleharmony.fr\/massage-a-domicile\/#breadcrumb\"},\"inLanguage\":\"en-GB\",\"potentialAction\":[{\"@type\":\"ReadAction\",\"target\":[\"https:\/\/www.littleharmony.fr\/massage-a-domicile\/\"]}]},{\"@type\":\"BreadcrumbList\",\"@id\":\"https:\/\/www.littleharmony.fr\/massage-a-domicile\/#breadcrumb\",\"itemListElement\":[{\"@type\":\"ListItem\",\"position\":1,\"name\":\"Accueil\",\"item\":\"https:\/\/www.littleharmony.fr\/\"},{\"@type\":\"ListItem\",\"position\":2,\"name\":\"Massage \u00e0 domicile\"}]},{\"@type\":\"WebSite\",\"@id\":\"https:\/\/www.littleharmony.fr\/#website\",\"url\":\"https:\/\/www.littleharmony.fr\/\",\"name\":\"Massages bien-\u00eatre \u00e0 Coquelles\",\"description\":\"La d\u00e9tente dans les gestes ma\u00eetris\u00e9s\",\"publisher\":{\"@id\":\"https:\/\/www.littleharmony.fr\/#organization\"},\"potentialAction\":[{\"@type\":\"SearchAction\",\"target\":{\"@type\":\"EntryPoint\",\"urlTemplate\":\"https:\/\/www.littleharmony.fr\/?s={search_term_string}\"},\"query-input\":{\"@type\":\"PropertyValueSpecification\",\"valueRequired\":true,\"valueName\":\"search_term_string\"}}],\"inLanguage\":\"en-GB\"},{\"@type\":\"Organization\",\"@id\":\"https:\/\/www.littleharmony.fr\/#organization\",\"name\":\"Little Harmony Massages\",\"url\":\"https:\/\/www.littleharmony.fr\/\",\"logo\":{\"@type\":\"ImageObject\",\"inLanguage\":\"en-GB\",\"@id\":\"https:\/\/www.littleharmony.fr\/#\/schema\/logo\/image\/\",\"url\":\"https:\/\/www.littleharmony.fr\/wp-content\/uploads\/2019\/07\/Logo-Little-Harmony.jpg\",\"contentUrl\":\"https:\/\/www.littleharmony.fr\/wp-content\/uploads\/2019\/07\/Logo-Little-Harmony.jpg\",\"width\":1000,\"height\":1000,\"caption\":\"Little Harmony Massages\"},\"image\":{\"@id\":\"https:\/\/www.littleharmony.fr\/#\/schema\/logo\/image\/\"},\"sameAs\":[\"https:\/\/www.facebook.com\/littleharmonymassages\/\",\"https:\/\/www.instagram.com\/littleharmonymassages\/?hl=fr\",\"https:\/\/www.linkedin.com\/in\/agnes-martin-9708214a\/\"]}]}<\/script>\n<!-- \/ Yoast SEO plugin. -->","yoast_head_json":{"title":"Massage \u00e0 domicile. D\u00e9couvrez comment bien en profiter ?","description":"Massage \u00e0 domicile. Pour qui ? Comment se pr\u00e9parer ? Suivez mes conseils et poursuivez la d\u00e9tente tranquillement chez vous.","robots":{"index":"index","follow":"follow","max-snippet":"max-snippet:-1","max-image-preview":"max-image-preview:large","max-video-preview":"max-video-preview:-1"},"canonical":"https:\/\/www.littleharmony.fr\/en\/massage-a-domicile\/","og_locale":"en_GB","og_type":"article","og_title":"Massage \u00e0 domicile. D\u00e9couvrez comment bien en profiter ?","og_description":"Massage \u00e0 domicile. Pour qui ? Comment se pr\u00e9parer ? Suivez mes conseils et poursuivez la d\u00e9tente tranquillement chez vous.","og_url":"https:\/\/www.littleharmony.fr\/en\/massage-a-domicile\/","og_site_name":"Massages bien-\u00eatre \u00e0 Coquelles","article_publisher":"https:\/\/www.facebook.com\/littleharmonymassages\/","article_modified_time":"2022-02-21T13:46:30+00:00","twitter_card":"summary_large_image","twitter_misc":{"Estimated reading time":"1 minute"},"schema":{"@context":"https:\/\/schema.org","@graph":[{"@type":"WebPage","@id":"https:\/\/www.littleharmony.fr\/massage-a-domicile\/","url":"https:\/\/www.littleharmony.fr\/massage-a-domicile\/","name":"Massage \u00e0 domicile. D\u00e9couvrez comment bien en profiter ?","isPartOf":{"@id":"https:\/\/www.littleharmony.fr\/#website"},"datePublished":"2019-07-25T06:53:58+00:00","dateModified":"2022-02-21T13:46:30+00:00","description":"Massage \u00e0 domicile. Pour qui ? Comment se pr\u00e9parer ? Suivez mes conseils et poursuivez la d\u00e9tente tranquillement chez vous.","breadcrumb":{"@id":"https:\/\/www.littleharmony.fr\/massage-a-domicile\/#breadcrumb"},"inLanguage":"en-GB","potentialAction":[{"@type":"ReadAction","target":["https:\/\/www.littleharmony.fr\/massage-a-domicile\/"]}]},{"@type":"BreadcrumbList","@id":"https:\/\/www.littleharmony.fr\/massage-a-domicile\/#breadcrumb","itemListElement":[{"@type":"ListItem","position":1,"name":"Accueil","item":"https:\/\/www.littleharmony.fr\/"},{"@type":"ListItem","position":2,"name":"Massage \u00e0 domicile"}]},{"@type":"WebSite","@id":"https:\/\/www.littleharmony.fr\/#website","url":"https:\/\/www.littleharmony.fr\/","name":"Massages bien-\u00eatre \u00e0 Coquelles","description":"La d\u00e9tente dans les gestes ma\u00eetris\u00e9s","publisher":{"@id":"https:\/\/www.littleharmony.fr\/#organization"},"potentialAction":[{"@type":"SearchAction","target":{"@type":"EntryPoint","urlTemplate":"https:\/\/www.littleharmony.fr\/?s={search_term_string}"},"query-input":{"@type":"PropertyValueSpecification","valueRequired":true,"valueName":"search_term_string"}}],"inLanguage":"en-GB"},{"@type":"Organization","@id":"https:\/\/www.littleharmony.fr\/#organization","name":"Little Harmony Massages","url":"https:\/\/www.littleharmony.fr\/","logo":{"@type":"ImageObject","inLanguage":"en-GB","@id":"https:\/\/www.littleharmony.fr\/#\/schema\/logo\/image\/","url":"https:\/\/www.littleharmony.fr\/wp-content\/uploads\/2019\/07\/Logo-Little-Harmony.jpg","contentUrl":"https:\/\/www.littleharmony.fr\/wp-content\/uploads\/2019\/07\/Logo-Little-Harmony.jpg","width":1000,"height":1000,"caption":"Little Harmony Massages"},"image":{"@id":"https:\/\/www.littleharmony.fr\/#\/schema\/logo\/image\/"},"sameAs":["https:\/\/www.facebook.com\/littleharmonymassages\/","https:\/\/www.instagram.com\/littleharmonymassages\/?hl=fr","https:\/\/www.linkedin.com\/in\/agnes-martin-9708214a\/"]}]}},"_links":{"self":[{"href":"https:\/\/www.littleharmony.fr\/en\/wp-json\/wp\/v2\/pages\/76","targetHints":{"allow":["GET"]}}],"collection":[{"href":"https:\/\/www.littleharmony.fr\/en\/wp-json\/wp\/v2\/pages"}],"about":[{"href":"https:\/\/www.littleharmony.fr\/en\/wp-json\/wp\/v2\/types\/page"}],"author":[{"embeddable":true,"href":"https:\/\/www.littleharmony.fr\/en\/wp-json\/wp\/v2\/users\/1"}],"replies":[{"embeddable":true,"href":"https:\/\/www.littleharmony.fr\/en\/wp-json\/wp\/v2\/comments?post=76"}],"version-history":[{"count":91,"href":"https:\/\/www.littleharmony.fr\/en\/wp-json\/wp\/v2\/pages\/76\/revisions"}],"predecessor-version":[{"id":1623,"href":"https:\/\/www.littleharmony.fr\/en\/wp-json\/wp\/v2\/pages\/76\/revisions\/1623"}],"wp:attachment":[{"href":"https:\/\/www.littleharmony.fr\/en\/wp-json\/wp\/v2\/media?parent=76"}],"curies":[{"name":"wp","href":"https:\/\/api.w.org\/{rel}","templated":true}]}}